{"id":11,"date":"2020-10-22T16:57:15","date_gmt":"2020-10-22T16:57:15","guid":{"rendered":"https:\/\/caloriaspordia.com\/es\/?page_id=11"},"modified":"2023-12-03T21:19:14","modified_gmt":"2023-12-03T20:19:14","slug":"homepage","status":"publish","type":"page","link":"https:\/\/caloriaspordia.com\/es\/","title":{"rendered":"Homepage"},"content":{"rendered":"","protected":false},"excerpt":{"rendered":"","protected":false},"author":1,"featured_media":0,"parent":0,"menu_order":0,"comment_status":"closed","ping_status":"closed","template":"homepage.php","meta":{"footnotes":""},"class_list":["post-11","page","type-page","status-publish","hentry"],"yoast_head":"<!-- This site is optimized with the Yoast SEO plugin v26.0 - https:\/\/yoast.com\/wordpress\/plugins\/seo\/ -->\n<title>Calculadora de gasto cal\u00f3rico diario - Calor\u00edas por d\u00eda<\/title>\n<meta name=\"description\" content=\"Mira cu\u00e1ntas calor\u00edas debes consumir al d\u00eda. El gasto cal\u00f3rico diario se calcula en funci\u00f3n de su peso, altura y nivel de actividad f\u00edsica.\" \/>\n<meta name=\"robots\" content=\"index, follow, max-snippet:-1, max-image-preview:large, max-video-preview:-1\" \/>\n<link rel=\"canonical\" href=\"https:\/\/caloriaspordia.com\/es\/\" \/>\n<meta property=\"og:locale\" content=\"es_ES\" \/>\n<meta property=\"og:type\" content=\"article\" \/>\n<meta property=\"og:title\" content=\"Calculadora de gasto cal\u00f3rico diario - Calor\u00edas por d\u00eda\" \/>\n<meta property=\"og:description\" content=\"Mira cu\u00e1ntas calor\u00edas debes consumir al d\u00eda. El gasto cal\u00f3rico diario se calcula en funci\u00f3n de su peso, altura y nivel de actividad f\u00edsica.\" \/>\n<meta property=\"og:url\" content=\"https:\/\/caloriaspordia.com\/es\/\" \/>\n<meta property=\"og:site_name\" content=\"Calor\u00edas por d\u00eda\" \/>\n<meta property=\"article:modified_time\" content=\"2023-12-03T20:19:14+00:00\" \/>\n<meta name=\"twitter:card\" content=\"summary_large_image\" \/>\n<script type=\"application\/ld+json\" class=\"yoast-schema-graph\">{\"@context\":\"https:\/\/schema.org\",\"@graph\":[{\"@type\":\"WebPage\",\"@id\":\"https:\/\/caloriaspordia.com\/es\/\",\"url\":\"https:\/\/caloriaspordia.com\/es\/\",\"name\":\"Calculadora de gasto cal\u00f3rico diario - Calor\u00edas por d\u00eda\",\"isPartOf\":{\"@id\":\"https:\/\/caloriaspordia.com\/es\/#website\"},\"datePublished\":\"2020-10-22T16:57:15+00:00\",\"dateModified\":\"2023-12-03T20:19:14+00:00\",\"description\":\"Mira cu\u00e1ntas calor\u00edas debes consumir al d\u00eda. El gasto cal\u00f3rico diario se calcula en funci\u00f3n de su peso, altura y nivel de actividad f\u00edsica.\",\"inLanguage\":\"es\",\"potentialAction\":[{\"@type\":\"ReadAction\",\"target\":[\"https:\/\/caloriaspordia.com\/es\/\"]}]},{\"@type\":\"WebSite\",\"@id\":\"https:\/\/caloriaspordia.com\/es\/#website\",\"url\":\"https:\/\/caloriaspordia.com\/es\/\",\"name\":\"Calor\u00edas por d\u00eda\",\"description\":\"Calcula tu gasto cal\u00f3rico diario\",\"publisher\":{\"@id\":\"https:\/\/caloriaspordia.com\/es\/#organization\"},\"potentialAction\":[{\"@type\":\"SearchAction\",\"target\":{\"@type\":\"EntryPoint\",\"urlTemplate\":\"https:\/\/caloriaspordia.com\/es\/?s={search_term_string}\"},\"query-input\":{\"@type\":\"PropertyValueSpecification\",\"valueRequired\":true,\"valueName\":\"search_term_string\"}}],\"inLanguage\":\"es\"},{\"@type\":\"Organization\",\"@id\":\"https:\/\/caloriaspordia.com\/es\/#organization\",\"name\":\"Calor\u00edas por d\u00eda\",\"url\":\"https:\/\/caloriaspordia.com\/es\/\",\"logo\":{\"@type\":\"ImageObject\",\"inLanguage\":\"es\",\"@id\":\"https:\/\/caloriaspordia.com\/es\/#\/schema\/logo\/image\/\",\"url\":\"https:\/\/caloriaspordia.com\/es\/wp-content\/uploads\/2020\/10\/cropped-calorias-por-dia.png\",\"contentUrl\":\"https:\/\/caloriaspordia.com\/es\/wp-content\/uploads\/2020\/10\/cropped-calorias-por-dia.png\",\"width\":181,\"height\":42,\"caption\":\"Calor\u00edas por d\u00eda\"},\"image\":{\"@id\":\"https:\/\/caloriaspordia.com\/es\/#\/schema\/logo\/image\/\"}}]}<\/script>\n<!-- \/ Yoast SEO plugin. -->","yoast_head_json":{"title":"Calculadora de gasto cal\u00f3rico diario - Calor\u00edas por d\u00eda","description":"Mira cu\u00e1ntas calor\u00edas debes consumir al d\u00eda. El gasto cal\u00f3rico diario se calcula en funci\u00f3n de su peso, altura y nivel de actividad f\u00edsica.","robots":{"index":"index","follow":"follow","max-snippet":"max-snippet:-1","max-image-preview":"max-image-preview:large","max-video-preview":"max-video-preview:-1"},"canonical":"https:\/\/caloriaspordia.com\/es\/","og_locale":"es_ES","og_type":"article","og_title":"Calculadora de gasto cal\u00f3rico diario - Calor\u00edas por d\u00eda","og_description":"Mira cu\u00e1ntas calor\u00edas debes consumir al d\u00eda. El gasto cal\u00f3rico diario se calcula en funci\u00f3n de su peso, altura y nivel de actividad f\u00edsica.","og_url":"https:\/\/caloriaspordia.com\/es\/","og_site_name":"Calor\u00edas por d\u00eda","article_modified_time":"2023-12-03T20:19:14+00:00","twitter_card":"summary_large_image","schema":{"@context":"https:\/\/schema.org","@graph":[{"@type":"WebPage","@id":"https:\/\/caloriaspordia.com\/es\/","url":"https:\/\/caloriaspordia.com\/es\/","name":"Calculadora de gasto cal\u00f3rico diario - Calor\u00edas por d\u00eda","isPartOf":{"@id":"https:\/\/caloriaspordia.com\/es\/#website"},"datePublished":"2020-10-22T16:57:15+00:00","dateModified":"2023-12-03T20:19:14+00:00","description":"Mira cu\u00e1ntas calor\u00edas debes consumir al d\u00eda. El gasto cal\u00f3rico diario se calcula en funci\u00f3n de su peso, altura y nivel de actividad f\u00edsica.","inLanguage":"es","potentialAction":[{"@type":"ReadAction","target":["https:\/\/caloriaspordia.com\/es\/"]}]},{"@type":"WebSite","@id":"https:\/\/caloriaspordia.com\/es\/#website","url":"https:\/\/caloriaspordia.com\/es\/","name":"Calor\u00edas por d\u00eda","description":"Calcula tu gasto cal\u00f3rico diario","publisher":{"@id":"https:\/\/caloriaspordia.com\/es\/#organization"},"potentialAction":[{"@type":"SearchAction","target":{"@type":"EntryPoint","urlTemplate":"https:\/\/caloriaspordia.com\/es\/?s={search_term_string}"},"query-input":{"@type":"PropertyValueSpecification","valueRequired":true,"valueName":"search_term_string"}}],"inLanguage":"es"},{"@type":"Organization","@id":"https:\/\/caloriaspordia.com\/es\/#organization","name":"Calor\u00edas por d\u00eda","url":"https:\/\/caloriaspordia.com\/es\/","logo":{"@type":"ImageObject","inLanguage":"es","@id":"https:\/\/caloriaspordia.com\/es\/#\/schema\/logo\/image\/","url":"https:\/\/caloriaspordia.com\/es\/wp-content\/uploads\/2020\/10\/cropped-calorias-por-dia.png","contentUrl":"https:\/\/caloriaspordia.com\/es\/wp-content\/uploads\/2020\/10\/cropped-calorias-por-dia.png","width":181,"height":42,"caption":"Calor\u00edas por d\u00eda"},"image":{"@id":"https:\/\/caloriaspordia.com\/es\/#\/schema\/logo\/image\/"}}]}},"_links":{"self":[{"href":"https:\/\/caloriaspordia.com\/es\/wp-json\/wp\/v2\/pages\/11","targetHints":{"allow":["GET"]}}],"collection":[{"href":"https:\/\/caloriaspordia.com\/es\/wp-json\/wp\/v2\/pages"}],"about":[{"href":"https:\/\/caloriaspordia.com\/es\/wp-json\/wp\/v2\/types\/page"}],"author":[{"embeddable":true,"href":"https:\/\/caloriaspordia.com\/es\/wp-json\/wp\/v2\/users\/1"}],"replies":[{"embeddable":true,"href":"https:\/\/caloriaspordia.com\/es\/wp-json\/wp\/v2\/comments?post=11"}],"version-history":[{"count":1,"href":"https:\/\/caloriaspordia.com\/es\/wp-json\/wp\/v2\/pages\/11\/revisions"}],"predecessor-version":[{"id":12,"href":"https:\/\/caloriaspordia.com\/es\/wp-json\/wp\/v2\/pages\/11\/revisions\/12"}],"wp:attachment":[{"href":"https:\/\/caloriaspordia.com\/es\/wp-json\/wp\/v2\/media?parent=11"}],"curies":[{"name":"wp","href":"https:\/\/api.w.org\/{rel}","templated":true}]}}